{"id":103,"date":"2022-07-15T15:45:21","date_gmt":"2022-07-15T15:45:21","guid":{"rendered":"http:\/\/akademiadudka.com\/?page_id=103"},"modified":"2022-07-18T10:56:13","modified_gmt":"2022-07-18T10:56:13","slug":"rozgrywki-ligowe","status":"publish","type":"page","link":"https:\/\/akademiadudka.com\/?page_id=103","title":{"rendered":"ROZGRYWKI LIGOWE"},"content":{"rendered":"<p><a href=\"http:\/\/akademiadudka.com\/wp-content\/uploads\/2022\/07\/6_LOGO.png\"><img loading=\"lazy\" class=\"alignleft size-full wp-image-76\" src=\"http:\/\/akademiadudka.com\/wp-content\/uploads\/2022\/07\/6_LOGO.png\" alt=\"\" width=\"176\" height=\"250\" \/><\/a>W sezonie <strong>2022\/2023<\/strong> do rozgrywek ligowych <strong>Akademia Pi\u0142karska M\u0141ODY TALENT<\/strong> zg\u0142asza dru\u017cyny \u017baka i Orlika. Natomiast w przypadku grupy M\u0142odzika trwaj\u0105 dodatkowe zapisy ch\u0142opc\u00f3w z rocznik\u00f3w 2011 i 2012 i je\u017celi grupa si\u0119 powi\u0119kszy, to w okresie wiosennym zg\u0142osimy dru\u017cyn\u0119 do rozgrywek.<\/p>\n","protected":false},"excerpt":{"rendered":"<p>W sezonie 2022\/2023 do rozgrywek ligowych Akademia Pi\u0142karska M\u0141ODY TALENT zg\u0142asza dru\u017cyny \u017baka i Orlika. Natomiast w przypadku grupy M\u0142odzika&hellip;<\/p>\n","protected":false},"author":1,"featured_media":0,"parent":0,"menu_order":0,"comment_status":"closed","ping_status":"closed","template":"","meta":[],"_links":{"self":[{"href":"https:\/\/akademiadudka.com\/index.php?rest_route=\/wp\/v2\/pages\/103"}],"collection":[{"href":"https:\/\/akademiadudka.com\/index.php?rest_route=\/wp\/v2\/pages"}],"about":[{"href":"https:\/\/akademiadudka.com\/index.php?rest_route=\/wp\/v2\/types\/page"}],"author":[{"embeddable":true,"href":"https:\/\/akademiadudka.com\/index.php?rest_route=\/wp\/v2\/users\/1"}],"replies":[{"embeddable":true,"href":"https:\/\/akademiadudka.com\/index.php?rest_route=%2Fwp%2Fv2%2Fcomments&post=103"}],"version-history":[{"count":4,"href":"https:\/\/akademiadudka.com\/index.php?rest_route=\/wp\/v2\/pages\/103\/revisions"}],"predecessor-version":[{"id":654,"href":"https:\/\/akademiadudka.com\/index.php?rest_route=\/wp\/v2\/pages\/103\/revisions\/654"}],"wp:attachment":[{"href":"https:\/\/akademiadudka.com\/index.php?rest_route=%2Fwp%2Fv2%2Fmedia&parent=103"}],"curies":[{"name":"wp","href":"https:\/\/api.w.org\/{rel}","templated":true}]}}