{"id":97,"date":"2022-07-15T15:44:46","date_gmt":"2022-07-15T15:44:46","guid":{"rendered":"http:\/\/akademiadudka.com\/?page_id=97"},"modified":"2022-07-18T08:53:16","modified_gmt":"2022-07-18T08:53:16","slug":"zapisy","status":"publish","type":"page","link":"https:\/\/akademiadudka.com\/?page_id=97","title":{"rendered":"ZAPISY"},"content":{"rendered":"<p>Zawodnicy Akademii M\u0142ody Talent wznawiaj\u0105 treningi od 2 sierpnia 2022R.. W miesi\u0105cu <strong>sierpniu<\/strong> zaj\u0119cia b\u0119d\u0105 odbywa\u0142y si\u0119 w ka\u017cdy wtorek i czwartek.<a href=\"http:\/\/akademiadudka.com\/wp-content\/uploads\/2022\/07\/cropped-logo.jpg\"><img loading=\"lazy\" class=\"alignright size-thumbnail wp-image-225\" src=\"http:\/\/akademiadudka.com\/wp-content\/uploads\/2022\/07\/cropped-logo-150x150.jpg\" alt=\"\" width=\"150\" height=\"150\" srcset=\"https:\/\/akademiadudka.com\/wp-content\/uploads\/2022\/07\/cropped-logo-150x150.jpg 150w, https:\/\/akademiadudka.com\/wp-content\/uploads\/2022\/07\/cropped-logo-300x300.jpg 300w, https:\/\/akademiadudka.com\/wp-content\/uploads\/2022\/07\/cropped-logo-270x270.jpg 270w, https:\/\/akademiadudka.com\/wp-content\/uploads\/2022\/07\/cropped-logo-192x192.jpg 192w, https:\/\/akademiadudka.com\/wp-content\/uploads\/2022\/07\/cropped-logo-180x180.jpg 180w, https:\/\/akademiadudka.com\/wp-content\/uploads\/2022\/07\/cropped-logo-32x32.jpg 32w, https:\/\/akademiadudka.com\/wp-content\/uploads\/2022\/07\/cropped-logo.jpg 512w\" sizes=\"(max-width: 150px) 100vw, 150px\" \/><\/a><\/p>\n<ul>\n<li>Grupa \u2013 <strong>Skrzat<\/strong> roczniki 2015-2016 i m\u0142odsi godz. 15.30-16.30<\/li>\n<li>Grupa \u2013<strong> \u017bak<\/strong> roczniki 2014-2015 godz. 16.30-17.30<\/li>\n<li>Grupa <strong>Orlik<\/strong> roczniki 2012-2013-2014 godz. 17.30-18.30<\/li>\n<li>Grupa <strong>M\u0142odzik<\/strong> roczniki 2010-2011-2012 godz. 18.0-19.30<\/li>\n<\/ul>\n<p>Mamy podpisan\u0105 umow\u0119 ze \u015al\u0105skiem Wroc\u0142aw i zawodnicy wyr\u00f3\u017cniaj\u0105cy b\u0119d\u0105 wyje\u017cd\u017ca\u0107 na konsultacje.<\/p>\n<p style=\"text-align: center;\">Na treningi w Akademii M\u0142ody Talent<a href=\"http:\/\/akademiadudka.com\/wp-content\/uploads\/2022\/07\/AkademiaWKS.jpg\"><img loading=\"lazy\" class=\"alignright size-thumbnail wp-image-643\" src=\"http:\/\/akademiadudka.com\/wp-content\/uploads\/2022\/07\/AkademiaWKS-150x150.jpg\" alt=\"\" width=\"150\" height=\"150\" srcset=\"https:\/\/akademiadudka.com\/wp-content\/uploads\/2022\/07\/AkademiaWKS-150x150.jpg 150w, https:\/\/akademiadudka.com\/wp-content\/uploads\/2022\/07\/AkademiaWKS-300x300.jpg 300w, https:\/\/akademiadudka.com\/wp-content\/uploads\/2022\/07\/AkademiaWKS.jpg 534w\" sizes=\"(max-width: 150px) 100vw, 150px\" \/><\/a><br \/>\nzapraszamy ch\u0142opc\u00f3w i dziewczynki w wieku od 4 do 12 lat.<\/p>\n<p style=\"text-align: center;\"><strong>KONTAKT:<\/strong><br \/>\ntel. <strong>602780288<\/strong> lub mail: <strong>mlodytalent1@wp.p<\/strong>l<\/p>\n","protected":false},"excerpt":{"rendered":"<p>Zawodnicy Akademii M\u0142ody Talent wznawiaj\u0105 treningi od 2 sierpnia 2022R.. W miesi\u0105cu sierpniu zaj\u0119cia b\u0119d\u0105 odbywa\u0142y si\u0119 w ka\u017cdy wtorek&hellip;<\/p>\n","protected":false},"author":1,"featured_media":0,"parent":0,"menu_order":0,"comment_status":"closed","ping_status":"closed","template":"","meta":[],"_links":{"self":[{"href":"https:\/\/akademiadudka.com\/index.php?rest_route=\/wp\/v2\/pages\/97"}],"collection":[{"href":"https:\/\/akademiadudka.com\/index.php?rest_route=\/wp\/v2\/pages"}],"about":[{"href":"https:\/\/akademiadudka.com\/index.php?rest_route=\/wp\/v2\/types\/page"}],"author":[{"embeddable":true,"href":"https:\/\/akademiadudka.com\/index.php?rest_route=\/wp\/v2\/users\/1"}],"replies":[{"embeddable":true,"href":"https:\/\/akademiadudka.com\/index.php?rest_route=%2Fwp%2Fv2%2Fcomments&post=97"}],"version-history":[{"count":6,"href":"https:\/\/akademiadudka.com\/index.php?rest_route=\/wp\/v2\/pages\/97\/revisions"}],"predecessor-version":[{"id":646,"href":"https:\/\/akademiadudka.com\/index.php?rest_route=\/wp\/v2\/pages\/97\/revisions\/646"}],"wp:attachment":[{"href":"https:\/\/akademiadudka.com\/index.php?rest_route=%2Fwp%2Fv2%2Fmedia&parent=97"}],"curies":[{"name":"wp","href":"https:\/\/api.w.org\/{rel}","templated":true}]}}