{"id":99,"date":"2022-07-15T15:44:54","date_gmt":"2022-07-15T15:44:54","guid":{"rendered":"http:\/\/akademiadudka.com\/?page_id=99"},"modified":"2022-07-17T09:52:53","modified_gmt":"2022-07-17T09:52:53","slug":"wspolpraca","status":"publish","type":"page","link":"https:\/\/akademiadudka.com\/?page_id=99","title":{"rendered":"WSP\u00d3\u0141PRACA"},"content":{"rendered":"<p style=\"text-align: left;\"><strong>Akademia Sebastiana Dudka partnerem \u015al\u0105ska<\/strong><\/p>\n<p><a href=\"http:\/\/akademiadudka.com\/wp-content\/uploads\/2022\/07\/wks-logo.png\"><img loading=\"lazy\" class=\"alignleft size-thumbnail wp-image-610\" src=\"http:\/\/akademiadudka.com\/wp-content\/uploads\/2022\/07\/wks-logo-150x150.png\" alt=\"\" width=\"150\" height=\"150\" srcset=\"https:\/\/akademiadudka.com\/wp-content\/uploads\/2022\/07\/wks-logo-150x150.png 150w, https:\/\/akademiadudka.com\/wp-content\/uploads\/2022\/07\/wks-logo-300x300.png 300w, https:\/\/akademiadudka.com\/wp-content\/uploads\/2022\/07\/wks-logo.png 400w\" sizes=\"(max-width: 150px) 100vw, 150px\" \/><\/a>Akademia Pi\u0142karska M\u0142ody Talent, prowadzona przez by\u0142ego pi\u0142karza \u015al\u0105ska Sebastiana Dudka, zosta\u0142a klubem partnerskim WKS-u.<br \/>\nSebastian Dudek w barwach \u015al\u0105ska rozegra\u0142 ponad 150 mecz\u00f3w. Jest mistrzem Polski z sezonu 2011\/12, wcze\u015bniej w 2008 wywalczy\u0142 z WKS-em awans do ekstraklasy. Pomocnik zapami\u0119tany jest przede wszystkim z przepi\u0119knej bramki przeciwko Dundee United, kt\u00f3ra da\u0142a awans wroc\u0142awianom do kolejnej rundy eliminacji Ligi Europejskiej w 2011 roku.<\/p>\n<p>W ramach wsp\u00f3\u0142pracy \u015al\u0105sk b\u0119dzie naturaln\u0105 drog\u0105 rozwoju dla najzdolniejszych pi\u0142karzy akademii M\u0142ody Talent. Korzy\u015bci wynikaj\u0105ce z nawi\u0105zanego partnerstwa to mi\u0119dzy innymi dost\u0119p do autorskiego programu szkoleniowego \u015al\u0105ska, zapraszanie trener\u00f3w na sta\u017ce i konferencje, hospitacje trening\u00f3w oraz uczestnictwo w turniejach pod patronatem WKS-u. Pi\u0142karze z zaprzyja\u017anionego klubu b\u0119d\u0105 r\u00f3wnie\u017c zapraszani na domowe mecze I zespo\u0142u \u015al\u0105ska Wroc\u0142aw.<\/p>\n<p>Gospodarzem uroczystego spotkania w Urz\u0119dzie Miejskim w \u017barach by\u0142a burmistrz Danuta Madej. Umow\u0119 parafowali dyrektor akademii \u015al\u0105ska Tadeusz Paw\u0142owski, koordynator Tomasz Horwat oraz Sebastian Dudek, za\u0142o\u017cyciel szk\u00f3\u0142ki z \u017bar i by\u0142y pi\u0142karz \u015al\u0105ska.<\/p>\n<p>Akademia Pi\u0142karska M\u0142ody Talent za\u0142o\u017cona przez Sebastiana Dudka jako pierwsza z wojew\u00f3dztwa lubuskiego zosta\u0142a klubem partnerskim \u015al\u0105ska Wroc\u0142aw. \u017byczymy sobie owocnej wsp\u00f3\u0142pracy!<\/p>\n\n\t\t<style type=\"text\/css\">\n\t\t\t#gallery-1 {\n\t\t\t\tmargin: auto;\n\t\t\t}\n\t\t\t#gallery-1 .gallery-item {\n\t\t\t\tfloat: left;\n\t\t\t\tmargin-top: 10px;\n\t\t\t\ttext-align: center;\n\t\t\t\twidth: 25%;\n\t\t\t}\n\t\t\t#gallery-1 img {\n\t\t\t\tborder: 2px solid #cfcfcf;\n\t\t\t}\n\t\t\t#gallery-1 .gallery-caption {\n\t\t\t\tmargin-left: 0;\n\t\t\t}\n\t\t\t\/* see gallery_shortcode() in wp-includes\/media.php *\/\n\t\t<\/style>\n\t\t<div id='gallery-1' class='gallery galleryid-99 gallery-columns-4 gallery-size-thumbnail'><dl class='gallery-item'>\n\t\t\t<dt class='gallery-icon landscape'>\n\t\t\t\t<a href='https:\/\/akademiadudka.com\/wp-content\/uploads\/2022\/07\/5cd2f04a6f9fa_o_large.jpg'><img width=\"150\" height=\"150\" src=\"https:\/\/akademiadudka.com\/wp-content\/uploads\/2022\/07\/5cd2f04a6f9fa_o_large-150x150.jpg\" class=\"attachment-thumbnail size-thumbnail\" alt=\"\" loading=\"lazy\" srcset=\"https:\/\/akademiadudka.com\/wp-content\/uploads\/2022\/07\/5cd2f04a6f9fa_o_large-150x150.jpg 150w, https:\/\/akademiadudka.com\/wp-content\/uploads\/2022\/07\/5cd2f04a6f9fa_o_large-300x300.jpg 300w\" sizes=\"(max-width: 150px) 100vw, 150px\" \/><\/a>\n\t\t\t<\/dt><\/dl><dl class='gallery-item'>\n\t\t\t<dt class='gallery-icon landscape'>\n\t\t\t\t<a href='https:\/\/akademiadudka.com\/wp-content\/uploads\/2022\/07\/5cd2f04f11859_o_large.jpg'><img width=\"150\" height=\"150\" src=\"https:\/\/akademiadudka.com\/wp-content\/uploads\/2022\/07\/5cd2f04f11859_o_large-150x150.jpg\" class=\"attachment-thumbnail size-thumbnail\" alt=\"\" loading=\"lazy\" srcset=\"https:\/\/akademiadudka.com\/wp-content\/uploads\/2022\/07\/5cd2f04f11859_o_large-150x150.jpg 150w, https:\/\/akademiadudka.com\/wp-content\/uploads\/2022\/07\/5cd2f04f11859_o_large-300x300.jpg 300w\" sizes=\"(max-width: 150px) 100vw, 150px\" \/><\/a>\n\t\t\t<\/dt><\/dl><dl class='gallery-item'>\n\t\t\t<dt class='gallery-icon landscape'>\n\t\t\t\t<a href='https:\/\/akademiadudka.com\/wp-content\/uploads\/2022\/07\/5cd2f0425a155_o_large.jpg'><img width=\"150\" height=\"150\" src=\"https:\/\/akademiadudka.com\/wp-content\/uploads\/2022\/07\/5cd2f0425a155_o_large-150x150.jpg\" class=\"attachment-thumbnail size-thumbnail\" alt=\"\" loading=\"lazy\" srcset=\"https:\/\/akademiadudka.com\/wp-content\/uploads\/2022\/07\/5cd2f0425a155_o_large-150x150.jpg 150w, https:\/\/akademiadudka.com\/wp-content\/uploads\/2022\/07\/5cd2f0425a155_o_large-300x300.jpg 300w\" sizes=\"(max-width: 150px) 100vw, 150px\" \/><\/a>\n\t\t\t<\/dt><\/dl><dl class='gallery-item'>\n\t\t\t<dt class='gallery-icon landscape'>\n\t\t\t\t<a href='https:\/\/akademiadudka.com\/wp-content\/uploads\/2022\/07\/5cd2f0462d51f_o_large.jpg'><img width=\"150\" height=\"150\" src=\"https:\/\/akademiadudka.com\/wp-content\/uploads\/2022\/07\/5cd2f0462d51f_o_large-150x150.jpg\" class=\"attachment-thumbnail size-thumbnail\" alt=\"\" loading=\"lazy\" srcset=\"https:\/\/akademiadudka.com\/wp-content\/uploads\/2022\/07\/5cd2f0462d51f_o_large-150x150.jpg 150w, https:\/\/akademiadudka.com\/wp-content\/uploads\/2022\/07\/5cd2f0462d51f_o_large-300x300.jpg 300w\" sizes=\"(max-width: 150px) 100vw, 150px\" \/><\/a>\n\t\t\t<\/dt><\/dl><br style=\"clear: both\" \/><dl class='gallery-item'>\n\t\t\t<dt class='gallery-icon landscape'>\n\t\t\t\t<a href='https:\/\/akademiadudka.com\/wp-content\/uploads\/2022\/07\/5cd2f04437d81_o_large.jpg'><img width=\"150\" height=\"150\" src=\"https:\/\/akademiadudka.com\/wp-content\/uploads\/2022\/07\/5cd2f04437d81_o_large-150x150.jpg\" class=\"attachment-thumbnail size-thumbnail\" alt=\"\" loading=\"lazy\" srcset=\"https:\/\/akademiadudka.com\/wp-content\/uploads\/2022\/07\/5cd2f04437d81_o_large-150x150.jpg 150w, https:\/\/akademiadudka.com\/wp-content\/uploads\/2022\/07\/5cd2f04437d81_o_large-300x300.jpg 300w\" sizes=\"(max-width: 150px) 100vw, 150px\" \/><\/a>\n\t\t\t<\/dt><\/dl><dl class='gallery-item'>\n\t\t\t<dt class='gallery-icon landscape'>\n\t\t\t\t<a href='https:\/\/akademiadudka.com\/wp-content\/uploads\/2022\/07\/5cd2f04863b67_o_large.jpg'><img width=\"150\" height=\"150\" src=\"https:\/\/akademiadudka.com\/wp-content\/uploads\/2022\/07\/5cd2f04863b67_o_large-150x150.jpg\" class=\"attachment-thumbnail size-thumbnail\" alt=\"\" loading=\"lazy\" srcset=\"https:\/\/akademiadudka.com\/wp-content\/uploads\/2022\/07\/5cd2f04863b67_o_large-150x150.jpg 150w, https:\/\/akademiadudka.com\/wp-content\/uploads\/2022\/07\/5cd2f04863b67_o_large-300x300.jpg 300w\" sizes=\"(max-width: 150px) 100vw, 150px\" \/><\/a>\n\t\t\t<\/dt><\/dl><dl class='gallery-item'>\n\t\t\t<dt class='gallery-icon landscape'>\n\t\t\t\t<a href='https:\/\/akademiadudka.com\/wp-content\/uploads\/2022\/07\/5cd2f05105725_o_large.jpg'><img width=\"150\" height=\"150\" src=\"https:\/\/akademiadudka.com\/wp-content\/uploads\/2022\/07\/5cd2f05105725_o_large-150x150.jpg\" class=\"attachment-thumbnail size-thumbnail\" alt=\"\" loading=\"lazy\" srcset=\"https:\/\/akademiadudka.com\/wp-content\/uploads\/2022\/07\/5cd2f05105725_o_large-150x150.jpg 150w, https:\/\/akademiadudka.com\/wp-content\/uploads\/2022\/07\/5cd2f05105725_o_large-300x300.jpg 300w\" sizes=\"(max-width: 150px) 100vw, 150px\" \/><\/a>\n\t\t\t<\/dt><\/dl>\n\t\t\t<br style='clear: both' \/>\n\t\t<\/div>\n\n","protected":false},"excerpt":{"rendered":"<p>Akademia Sebastiana Dudka partnerem \u015al\u0105ska Akademia Pi\u0142karska M\u0142ody Talent, prowadzona przez by\u0142ego pi\u0142karza \u015al\u0105ska Sebastiana Dudka, zosta\u0142a klubem partnerskim WKS-u.&hellip;<\/p>\n","protected":false},"author":1,"featured_media":0,"parent":0,"menu_order":0,"comment_status":"closed","ping_status":"closed","template":"","meta":[],"_links":{"self":[{"href":"https:\/\/akademiadudka.com\/index.php?rest_route=\/wp\/v2\/pages\/99"}],"collection":[{"href":"https:\/\/akademiadudka.com\/index.php?rest_route=\/wp\/v2\/pages"}],"about":[{"href":"https:\/\/akademiadudka.com\/index.php?rest_route=\/wp\/v2\/types\/page"}],"author":[{"embeddable":true,"href":"https:\/\/akademiadudka.com\/index.php?rest_route=\/wp\/v2\/users\/1"}],"replies":[{"embeddable":true,"href":"https:\/\/akademiadudka.com\/index.php?rest_route=%2Fwp%2Fv2%2Fcomments&post=99"}],"version-history":[{"count":6,"href":"https:\/\/akademiadudka.com\/index.php?rest_route=\/wp\/v2\/pages\/99\/revisions"}],"predecessor-version":[{"id":625,"href":"https:\/\/akademiadudka.com\/index.php?rest_route=\/wp\/v2\/pages\/99\/revisions\/625"}],"wp:attachment":[{"href":"https:\/\/akademiadudka.com\/index.php?rest_route=%2Fwp%2Fv2%2Fmedia&parent=99"}],"curies":[{"name":"wp","href":"https:\/\/api.w.org\/{rel}","templated":true}]}}